{"id":3075,"date":"2018-02-01T14:29:09","date_gmt":"2018-02-01T13:29:09","guid":{"rendered":"https:\/\/www.omecmotors.com\/?page_id=3075"},"modified":"2023-08-11T09:13:02","modified_gmt":"2023-08-11T07:13:02","slug":"omex-silniki","status":"publish","type":"page","link":"https:\/\/www.omecmotors.com\/pl\/silniki-elektryczne\/omex-silniki\/","title":{"rendered":"Silniki OMEC"},"content":{"rendered":"[vc_row full_width=&#8221;stretch_row&#8221; min_height=&#8221;103px&#8221; css=&#8221;.vc_custom_1484835876604{background-image: url(https:\/\/www.omecmotors.com\/wp-content\/uploads\/2016\/12\/bar-under-title.jpg?id=461) !important;}&#8221;][vc_column][\/vc_column][\/vc_row][vc_row][vc_column]<div class=\"vcex-spacing\" style=\"height:10px\"><\/div>[\/vc_column][\/vc_row][vc_row][vc_column width=&#8221;1\/3&#8243; css=&#8221;.vc_custom_1485944262852{border-bottom-width: 20px !important;}&#8221;]<div class=\"vcex-module vcex-teaser vcex-teaser-one OMEX_block vc_custom_1691737977459\"><div class=\"vcex-teaser-content clr\" style=\"margin:-10px 0px 10px 0px;padding:0px 0px 0px 0px;\"><div class=\"vcex-teaser-text clr\" style=\"color:#2f4080;\"><h2 style=\"text-align: center\">OMEC SILNIKI<\/h2>\n<\/div><\/div><\/div><div class=\"vcex-spacing\" style=\"height:20px\"><\/div>[\/vc_column][vc_column width=&#8221;1\/3&#8243;][vc_column_text]<strong>Typ:<\/strong> EXD(E) IIB ATEX<br \/>\n<strong>Moc:<\/strong>\u00a00,75kW \u2013 355kW<br \/>\n<strong>Bieguny:<\/strong> 2|4|6|8 pole<br \/>\n<strong>Pr\u0119dko\u015b\u0107:<\/strong>\u00a0750\u20133600 RPM<br \/>\n<strong>Cz\u0119stotliwo\u015b\u0107:<\/strong> 50 Hz | 60 Hz<br \/>\n<strong>Obudowa:<\/strong>\u00a080\u2013315<br \/>\n<strong>Ochrona:<\/strong> IP55<br \/>\n<strong>Klasa temperatury:<\/strong> T4, T5<br \/>\n<strong>Ch\u0142odzenie:<\/strong> IC411<br \/>\n<strong>Klasa izolacji:<\/strong> F<br \/>\n<strong>Cykl pracy:<\/strong> S1<br \/>\n<strong>Normy:<\/strong> IEC 60034-30-1<br \/>\n<strong>Napi\u0119cie:\u00a0<\/strong>400V Y \u2013 Motors \u2264 3 kW,\u00a0400V \u0394 \u2013 Motors \u2265 3 kW. Inna napi\u0119cia na zapytanie.[\/vc_column_text]<div class=\"vcex-spacing\" style=\"height:10px\"><\/div>[\/vc_column][vc_column width=&#8221;1\/3&#8243;][vc_column_text]<strong>Informacja o aplikacji<\/strong><br \/>\nOMEC Silniki OMEC Motors s\u0105 u\u017cywane w r\u00f3\u017cnych aplikacjach:[\/vc_column_text]<div class=\"vcex-spacing\" style=\"height:10px\"><\/div><div style=\"line-height:12px;\" class=\"vcex-module vcex-bullets vcex-bullets-check\">\n<ul>\n<li>Wentylatory<\/li>\n<li>Agregaty hydrauliczne<\/li>\n<li>Pompu (wody oleju, paliwa i inne)<\/li>\n<li>R\u0119baki<\/li>\n<li>Reduktory<\/li>\n<li>Generatory<\/li>\n<li>Kompresory<\/li>\n<\/ul>\n<\/div><div class=\"vcex-spacing\" style=\"height:10px\"><\/div><a href=\"\/pl\/kontakt\/?contactrequest=Omex_Information#gf_15\" class=\"vcex-button theme-button align-left inline animate-on-hover\" style=\"font-size:14px;width:300px;\"><span class=\"theme-button-inner\">Zapytaj o wi\u0119cej informacji<\/span><\/a> <div class=\"vcex-spacing\" style=\"height:20px\"><\/div>[\/vc_column][\/vc_row][vc_row][vc_column offset=&#8221;vc_hidden-sm vc_hidden-xs&#8221;]<div class=\"vcex-spacing\" style=\"height:30px\"><\/div>[\/vc_column][\/vc_row][vc_row full_width=&#8221;stretch_row_content&#8221; column_spacing=&#8221;0px&#8221; css=&#8221;.vc_custom_1484583146730{border-top-width: 1px !important;background-color: #f3f3ff !important;border-top-color: #adb2c5 !important;border-top-style: solid !important;}&#8221;][vc_column width=&#8221;1\/3&#8243;][vc_custom_heading text=&#8221;WA\u017bNE LINKI:&#8221; font_container=&#8221;tag:h2|font_size:16px|text_align:center|color:%232f4080&#8243; use_theme_fonts=&#8221;yes&#8221; css=&#8221;.vc_custom_1517491701259{border-bottom-width: 1px !important;padding-top: 30px !important;padding-bottom: 25px !important;border-bottom-color: #adb2c5 !important;border-bottom-style: solid !important;}&#8221;][\/vc_column][vc_column width=&#8221;1\/3&#8243;]<a href=\"https:\/\/www.omecmotors.com\/omec-downloads\/catalogues\/catalogue.pdf\" class=\"vcex-module vcex-icon-box clr vcex-icon-box-two vcex-icon-box-link-wrap hvr hvr-sink  vc_custom_1517491719281\" target=\"_blank\"><img class=\"vcex-icon-box-image\" style=\"margin-bottom:0px;\" src=\"https:\/\/www.omecmotors.com\/wp-content\/uploads\/2016\/12\/icon_pdf.jpg\" alt='' data-no-retina width=\"20\" height=\"23\" \/><h3 class=\"vcex-icon-box-heading\">Katalog produkt\u00f3w<\/h3><\/a>[\/vc_column][vc_column width=&#8221;1\/3&#8243;]<a href=\"https:\/\/www.omecmotors.com\/omec-downloads\/catalogues\/company_profile.pdf\" class=\"vcex-module vcex-icon-box clr vcex-icon-box-two vcex-icon-box-link-wrap hvr hvr-sink  vc_custom_1517491740150\" target=\"_blank\"><img class=\"vcex-icon-box-image\" style=\"margin-bottom:0px;\" src=\"https:\/\/www.omecmotors.com\/wp-content\/uploads\/2016\/12\/icon_pdf.jpg\" alt='' data-no-retina width=\"20\" height=\"23\" \/><h3 class=\"vcex-icon-box-heading\">Profil firmy<\/h3><\/a>[\/vc_column][\/vc_row]\n","protected":false},"excerpt":{"rendered":"<p>[vc_row full_width=&#8221;stretch_row&#8221; min_height=&#8221;103px&#8221; css=&#8221;.vc_custom_1484835876604{background-image: url(https:\/\/www.omecmotors.com\/wp-content\/uploads\/2016\/12\/bar-under-title.jpg?id=461) !important;}&#8221;][vc_column][\/vc_column][\/vc_row][vc_row][vc_column][\/vc_column][\/vc_row][vc_row][vc_column width=&#8221;1\/3&#8243; css=&#8221;.vc_custom_1485944262852{border-bottom-width: 20px !important;}&#8221;][\/vc_column][vc_column width=&#8221;1\/3&#8243;][vc_column_text]Typ: EXD(E) IIB ATEX Moc:\u00a00,75kW \u2013 355kW Bieguny: 2|4|6|8 pole Pr\u0119dko\u015b\u0107:\u00a0750\u20133600 RPM Cz\u0119stotliwo\u015b\u0107: 50 Hz | 60 Hz Obudowa:\u00a080\u2013315 Ochrona: IP55 Klasa temperatury: T4, T5 Ch\u0142odzenie: IC411 Klasa izolacji: F&hellip;<\/p>\n","protected":false},"author":6,"featured_media":0,"parent":3077,"menu_order":0,"comment_status":"closed","ping_status":"closed","template":"","meta":{"_mi_skip_tracking":false},"yoast_head":"<!-- This site is optimized with the Yoast SEO plugin v17.5 - https:\/\/yoast.com\/wordpress\/plugins\/seo\/ -->\n<title>Silniki OMEC - OMEC Motors | Electric Motors<\/title>\n<meta name=\"robots\" content=\"index, follow, max-snippet:-1, max-image-preview:large, max-video-preview:-1\" \/>\n<link rel=\"canonical\" href=\"https:\/\/www.omecmotors.com\/pl\/silniki-elektryczne\/omex-silniki\/\" \/>\n<meta property=\"og:locale\" content=\"pl_PL\" \/>\n<meta property=\"og:type\" content=\"article\" \/>\n<meta property=\"og:title\" content=\"Silniki OMEC - OMEC Motors | Electric Motors\" \/>\n<meta property=\"og:description\" content=\"[vc_row full_width=&#8221;stretch_row&#8221; min_height=&#8221;103px&#8221; css=&#8221;.vc_custom_1484835876604{background-image: url(https:\/\/www.omecmotors.com\/wp-content\/uploads\/2016\/12\/bar-under-title.jpg?id=461) !important;}&#8221;][vc_column][\/vc_column][\/vc_row][vc_row][vc_column][\/vc_column][\/vc_row][vc_row][vc_column width=&#8221;1\/3&#8243; css=&#8221;.vc_custom_1485944262852{border-bottom-width: 20px !important;}&#8221;][\/vc_column][vc_column width=&#8221;1\/3&#8243;][vc_column_text]Typ: EXD(E) IIB ATEX Moc:\u00a00,75kW \u2013 355kW Bieguny: 2|4|6|8 pole Pr\u0119dko\u015b\u0107:\u00a0750\u20133600 RPM Cz\u0119stotliwo\u015b\u0107: 50 Hz | 60 Hz Obudowa:\u00a080\u2013315 Ochrona: IP55 Klasa temperatury: T4, T5 Ch\u0142odzenie: IC411 Klasa izolacji: F&hellip;\" \/>\n<meta property=\"og:url\" content=\"https:\/\/www.omecmotors.com\/pl\/silniki-elektryczne\/omex-silniki\/\" \/>\n<meta property=\"og:site_name\" content=\"OMEC Motors | Electric Motors\" \/>\n<meta property=\"article:modified_time\" content=\"2023-08-11T07:13:02+00:00\" \/>\n<meta name=\"twitter:card\" content=\"summary\" \/>\n<meta name=\"twitter:label1\" content=\"Szacowany czas czytania\" \/>\n\t<meta name=\"twitter:data1\" content=\"2 minuty\" \/>\n<script type=\"application\/ld+json\" class=\"yoast-schema-graph\">{\"@context\":\"https:\/\/schema.org\",\"@graph\":[{\"@type\":\"Organization\",\"@id\":\"https:\/\/www.omecmotors.com\/#organization\",\"name\":\"OMEC Motors NV\",\"url\":\"https:\/\/www.omecmotors.com\/\",\"sameAs\":[],\"logo\":{\"@type\":\"ImageObject\",\"@id\":\"https:\/\/www.omecmotors.com\/#logo\",\"inLanguage\":\"pl-PL\",\"url\":\"https:\/\/www.omecmotors.com\/wp-content\/uploads\/2016\/12\/OMEC-boxed-logo.jpg\",\"contentUrl\":\"https:\/\/www.omecmotors.com\/wp-content\/uploads\/2016\/12\/OMEC-boxed-logo.jpg\",\"width\":258,\"height\":169,\"caption\":\"OMEC Motors NV\"},\"image\":{\"@id\":\"https:\/\/www.omecmotors.com\/#logo\"}},{\"@type\":\"WebSite\",\"@id\":\"https:\/\/www.omecmotors.com\/#website\",\"url\":\"https:\/\/www.omecmotors.com\/\",\"name\":\"OMEC Motors | Electric Motors\",\"description\":\"Wspieramy przysz\\u0142o\\u015b\\u0107 przemys\\u0142u\",\"publisher\":{\"@id\":\"https:\/\/www.omecmotors.com\/#organization\"},\"potentialAction\":[{\"@type\":\"SearchAction\",\"target\":{\"@type\":\"EntryPoint\",\"urlTemplate\":\"https:\/\/www.omecmotors.com\/?s={search_term_string}\"},\"query-input\":\"required name=search_term_string\"}],\"inLanguage\":\"pl-PL\"},{\"@type\":\"WebPage\",\"@id\":\"https:\/\/www.omecmotors.com\/pl\/silniki-elektryczne\/omex-silniki\/#webpage\",\"url\":\"https:\/\/www.omecmotors.com\/pl\/silniki-elektryczne\/omex-silniki\/\",\"name\":\"Silniki OMEC - OMEC Motors | Electric Motors\",\"isPartOf\":{\"@id\":\"https:\/\/www.omecmotors.com\/#website\"},\"datePublished\":\"2018-02-01T13:29:09+00:00\",\"dateModified\":\"2023-08-11T07:13:02+00:00\",\"breadcrumb\":{\"@id\":\"https:\/\/www.omecmotors.com\/pl\/silniki-elektryczne\/omex-silniki\/#breadcrumb\"},\"inLanguage\":\"pl-PL\",\"potentialAction\":[{\"@type\":\"ReadAction\",\"target\":[\"https:\/\/www.omecmotors.com\/pl\/silniki-elektryczne\/omex-silniki\/\"]}]},{\"@type\":\"BreadcrumbList\",\"@id\":\"https:\/\/www.omecmotors.com\/pl\/silniki-elektryczne\/omex-silniki\/#breadcrumb\",\"itemListElement\":[{\"@type\":\"ListItem\",\"position\":1,\"name\":\"Home\",\"item\":\"https:\/\/www.omecmotors.com\/pl\/\"},{\"@type\":\"ListItem\",\"position\":2,\"name\":\"Silniki elektryczne\",\"item\":\"https:\/\/www.omecmotors.com\/pl\/silniki-elektryczne\/\"},{\"@type\":\"ListItem\",\"position\":3,\"name\":\"Silniki OMEC\"}]}]}<\/script>\n<!-- \/ Yoast SEO plugin. -->","yoast_head_json":{"title":"Silniki OMEC - OMEC Motors | Electric Motors","robots":{"index":"index","follow":"follow","max-snippet":"max-snippet:-1","max-image-preview":"max-image-preview:large","max-video-preview":"max-video-preview:-1"},"canonical":"https:\/\/www.omecmotors.com\/pl\/silniki-elektryczne\/omex-silniki\/","og_locale":"pl_PL","og_type":"article","og_title":"Silniki OMEC - OMEC Motors | Electric Motors","og_description":"[vc_row full_width=&#8221;stretch_row&#8221; min_height=&#8221;103px&#8221; css=&#8221;.vc_custom_1484835876604{background-image: url(https:\/\/www.omecmotors.com\/wp-content\/uploads\/2016\/12\/bar-under-title.jpg?id=461) !important;}&#8221;][vc_column][\/vc_column][\/vc_row][vc_row][vc_column][\/vc_column][\/vc_row][vc_row][vc_column width=&#8221;1\/3&#8243; css=&#8221;.vc_custom_1485944262852{border-bottom-width: 20px !important;}&#8221;][\/vc_column][vc_column width=&#8221;1\/3&#8243;][vc_column_text]Typ: EXD(E) IIB ATEX Moc:\u00a00,75kW \u2013 355kW Bieguny: 2|4|6|8 pole Pr\u0119dko\u015b\u0107:\u00a0750\u20133600 RPM Cz\u0119stotliwo\u015b\u0107: 50 Hz | 60 Hz Obudowa:\u00a080\u2013315 Ochrona: IP55 Klasa temperatury: T4, T5 Ch\u0142odzenie: IC411 Klasa izolacji: F&hellip;","og_url":"https:\/\/www.omecmotors.com\/pl\/silniki-elektryczne\/omex-silniki\/","og_site_name":"OMEC Motors | Electric Motors","article_modified_time":"2023-08-11T07:13:02+00:00","twitter_card":"summary","twitter_misc":{"Szacowany czas czytania":"2 minuty"},"schema":{"@context":"https:\/\/schema.org","@graph":[{"@type":"Organization","@id":"https:\/\/www.omecmotors.com\/#organization","name":"OMEC Motors NV","url":"https:\/\/www.omecmotors.com\/","sameAs":[],"logo":{"@type":"ImageObject","@id":"https:\/\/www.omecmotors.com\/#logo","inLanguage":"pl-PL","url":"https:\/\/www.omecmotors.com\/wp-content\/uploads\/2016\/12\/OMEC-boxed-logo.jpg","contentUrl":"https:\/\/www.omecmotors.com\/wp-content\/uploads\/2016\/12\/OMEC-boxed-logo.jpg","width":258,"height":169,"caption":"OMEC Motors NV"},"image":{"@id":"https:\/\/www.omecmotors.com\/#logo"}},{"@type":"WebSite","@id":"https:\/\/www.omecmotors.com\/#website","url":"https:\/\/www.omecmotors.com\/","name":"OMEC Motors | Electric Motors","description":"Wspieramy przysz\u0142o\u015b\u0107 przemys\u0142u","publisher":{"@id":"https:\/\/www.omecmotors.com\/#organization"},"potentialAction":[{"@type":"SearchAction","target":{"@type":"EntryPoint","urlTemplate":"https:\/\/www.omecmotors.com\/?s={search_term_string}"},"query-input":"required name=search_term_string"}],"inLanguage":"pl-PL"},{"@type":"WebPage","@id":"https:\/\/www.omecmotors.com\/pl\/silniki-elektryczne\/omex-silniki\/#webpage","url":"https:\/\/www.omecmotors.com\/pl\/silniki-elektryczne\/omex-silniki\/","name":"Silniki OMEC - OMEC Motors | Electric Motors","isPartOf":{"@id":"https:\/\/www.omecmotors.com\/#website"},"datePublished":"2018-02-01T13:29:09+00:00","dateModified":"2023-08-11T07:13:02+00:00","breadcrumb":{"@id":"https:\/\/www.omecmotors.com\/pl\/silniki-elektryczne\/omex-silniki\/#breadcrumb"},"inLanguage":"pl-PL","potentialAction":[{"@type":"ReadAction","target":["https:\/\/www.omecmotors.com\/pl\/silniki-elektryczne\/omex-silniki\/"]}]},{"@type":"BreadcrumbList","@id":"https:\/\/www.omecmotors.com\/pl\/silniki-elektryczne\/omex-silniki\/#breadcrumb","itemListElement":[{"@type":"ListItem","position":1,"name":"Home","item":"https:\/\/www.omecmotors.com\/pl\/"},{"@type":"ListItem","position":2,"name":"Silniki elektryczne","item":"https:\/\/www.omecmotors.com\/pl\/silniki-elektryczne\/"},{"@type":"ListItem","position":3,"name":"Silniki OMEC"}]}]}},"_links":{"self":[{"href":"https:\/\/www.omecmotors.com\/pl\/wp-json\/wp\/v2\/pages\/3075\/"}],"collection":[{"href":"https:\/\/www.omecmotors.com\/pl\/wp-json\/wp\/v2\/pages\/"}],"about":[{"href":"https:\/\/www.omecmotors.com\/pl\/wp-json\/wp\/v2\/types\/page\/"}],"author":[{"embeddable":true,"href":"https:\/\/www.omecmotors.com\/pl\/wp-json\/wp\/v2\/users\/6\/"}],"replies":[{"embeddable":true,"href":"https:\/\/www.omecmotors.com\/pl\/wp-json\/wp\/v2\/comments\/?post=3075"}],"version-history":[{"count":8,"href":"https:\/\/www.omecmotors.com\/pl\/wp-json\/wp\/v2\/pages\/3075\/revisions\/"}],"predecessor-version":[{"id":4271,"href":"https:\/\/www.omecmotors.com\/pl\/wp-json\/wp\/v2\/pages\/3075\/revisions\/4271\/"}],"up":[{"embeddable":true,"href":"https:\/\/www.omecmotors.com\/pl\/wp-json\/wp\/v2\/pages\/3077\/"}],"wp:attachment":[{"href":"https:\/\/www.omecmotors.com\/pl\/wp-json\/wp\/v2\/media\/?parent=3075"}],"curies":[{"name":"wp","href":"https:\/\/api.w.org\/{rel}","templated":true}]}}