{"id":2062,"date":"2017-06-30T15:03:01","date_gmt":"2017-06-30T13:03:01","guid":{"rendered":"https:\/\/www.omecmotors.com\/?page_id=2062\/"},"modified":"2018-02-01T15:26:11","modified_gmt":"2018-02-01T14:26:11","slug":"wylaczenie-odpowiedzialnosci","status":"publish","type":"page","link":"https:\/\/www.omecmotors.com\/pl\/wylaczenie-odpowiedzialnosci\/","title":{"rendered":"Wy\u0142\u0105czenie odpowiedzialno\u015bci"},"content":{"rendered":"[vc_row][vc_column]<div class=\"vcex-spacing\" style=\"height:20px\"><\/div>[vc_column_text]OMEC Motors nie odpowiada i nie bierze odpowiedzialno\u015bci za jakiekolwiek szkody wynik\u0142e na skutek wykorzystania podanych tu informacji. Pomimo tego, \u017ce informacje podane na naszej stronie s\u0105 co jaki\u015b czas uaktualniane, nie mo\u017cemy zagwarantowa\u0107, \u017ce s\u0105 one prawid\u0142owe, kompletne i aktualne.<\/p>\n<p>Chocia\u017c strona OMEC Motors mo\u017ce zawiera\u0107 linki do innych stron, OMEC Motors nie odpowiada za tre\u015b\u0107 informacji zawartych na tych stronach.<\/p>\n<p>Linki do innych stron podane przez OMEC Motors w \u017cadnym przypadku nie s\u0105 wsparciem OMEC Motors dla produkt\u00f3w i us\u0142ug stron trzecich. Informacje o produkcie opieraj\u0105 si\u0119 wy\u0142\u0105cznie na materia\u0142ach otrzymanych od dostawc\u00f3w.[\/vc_column_text]<div class=\"vcex-spacing\" style=\"height:20px\"><\/div>[\/vc_column][\/vc_row]\n","protected":false},"excerpt":{"rendered":"<p>[vc_row][vc_column][vc_column_text]OMEC Motors nie odpowiada i nie bierze odpowiedzialno\u015bci za jakiekolwiek szkody wynik\u0142e na skutek wykorzystania podanych tu informacji. Pomimo tego, \u017ce informacje podane na naszej stronie s\u0105 co jaki\u015b czas uaktualniane, nie mo\u017cemy zagwarantowa\u0107, \u017ce s\u0105 one prawid\u0142owe, kompletne i&hellip;<\/p>\n","protected":false},"author":2,"featured_media":0,"parent":0,"menu_order":0,"comment_status":"closed","ping_status":"closed","template":"","meta":{"_mi_skip_tracking":false},"yoast_head":"<!-- This site is optimized with the Yoast SEO plugin v17.5 - https:\/\/yoast.com\/wordpress\/plugins\/seo\/ -->\n<title>Wy\u0142\u0105czenie odpowiedzialno\u015bci - OMEC Motors | Electric Motors<\/title>\n<meta name=\"robots\" content=\"index, follow, max-snippet:-1, max-image-preview:large, max-video-preview:-1\" \/>\n<link rel=\"canonical\" href=\"https:\/\/www.omecmotors.com\/pl\/wylaczenie-odpowiedzialnosci\/\" \/>\n<meta property=\"og:locale\" content=\"pl_PL\" \/>\n<meta property=\"og:type\" content=\"article\" \/>\n<meta property=\"og:title\" content=\"Wy\u0142\u0105czenie odpowiedzialno\u015bci - OMEC Motors | Electric Motors\" \/>\n<meta property=\"og:description\" content=\"[vc_row][vc_column][vc_column_text]OMEC Motors nie odpowiada i nie bierze odpowiedzialno\u015bci za jakiekolwiek szkody wynik\u0142e na skutek wykorzystania podanych tu informacji. Pomimo tego, \u017ce informacje podane na naszej stronie s\u0105 co jaki\u015b czas uaktualniane, nie mo\u017cemy zagwarantowa\u0107, \u017ce s\u0105 one prawid\u0142owe, kompletne i&hellip;\" \/>\n<meta property=\"og:url\" content=\"https:\/\/www.omecmotors.com\/pl\/wylaczenie-odpowiedzialnosci\/\" \/>\n<meta property=\"og:site_name\" content=\"OMEC Motors | Electric Motors\" \/>\n<meta property=\"article:modified_time\" content=\"2018-02-01T14:26:11+00:00\" \/>\n<meta name=\"twitter:card\" content=\"summary\" \/>\n<meta name=\"twitter:label1\" content=\"Szacowany czas czytania\" \/>\n\t<meta name=\"twitter:data1\" content=\"1 minuta\" \/>\n<script type=\"application\/ld+json\" class=\"yoast-schema-graph\">{\"@context\":\"https:\/\/schema.org\",\"@graph\":[{\"@type\":\"Organization\",\"@id\":\"https:\/\/www.omecmotors.com\/#organization\",\"name\":\"OMEC Motors NV\",\"url\":\"https:\/\/www.omecmotors.com\/\",\"sameAs\":[],\"logo\":{\"@type\":\"ImageObject\",\"@id\":\"https:\/\/www.omecmotors.com\/#logo\",\"inLanguage\":\"pl-PL\",\"url\":\"https:\/\/www.omecmotors.com\/wp-content\/uploads\/2016\/12\/OMEC-boxed-logo.jpg\",\"contentUrl\":\"https:\/\/www.omecmotors.com\/wp-content\/uploads\/2016\/12\/OMEC-boxed-logo.jpg\",\"width\":258,\"height\":169,\"caption\":\"OMEC Motors NV\"},\"image\":{\"@id\":\"https:\/\/www.omecmotors.com\/#logo\"}},{\"@type\":\"WebSite\",\"@id\":\"https:\/\/www.omecmotors.com\/#website\",\"url\":\"https:\/\/www.omecmotors.com\/\",\"name\":\"OMEC Motors | Electric Motors\",\"description\":\"Wspieramy przysz\\u0142o\\u015b\\u0107 przemys\\u0142u\",\"publisher\":{\"@id\":\"https:\/\/www.omecmotors.com\/#organization\"},\"potentialAction\":[{\"@type\":\"SearchAction\",\"target\":{\"@type\":\"EntryPoint\",\"urlTemplate\":\"https:\/\/www.omecmotors.com\/?s={search_term_string}\"},\"query-input\":\"required name=search_term_string\"}],\"inLanguage\":\"pl-PL\"},{\"@type\":\"WebPage\",\"@id\":\"https:\/\/www.omecmotors.com\/pl\/wylaczenie-odpowiedzialnosci\/#webpage\",\"url\":\"https:\/\/www.omecmotors.com\/pl\/wylaczenie-odpowiedzialnosci\/\",\"name\":\"Wy\\u0142\\u0105czenie odpowiedzialno\\u015bci - OMEC Motors | Electric Motors\",\"isPartOf\":{\"@id\":\"https:\/\/www.omecmotors.com\/#website\"},\"datePublished\":\"2017-06-30T13:03:01+00:00\",\"dateModified\":\"2018-02-01T14:26:11+00:00\",\"breadcrumb\":{\"@id\":\"https:\/\/www.omecmotors.com\/pl\/wylaczenie-odpowiedzialnosci\/#breadcrumb\"},\"inLanguage\":\"pl-PL\",\"potentialAction\":[{\"@type\":\"ReadAction\",\"target\":[\"https:\/\/www.omecmotors.com\/pl\/wylaczenie-odpowiedzialnosci\/\"]}]},{\"@type\":\"BreadcrumbList\",\"@id\":\"https:\/\/www.omecmotors.com\/pl\/wylaczenie-odpowiedzialnosci\/#breadcrumb\",\"itemListElement\":[{\"@type\":\"ListItem\",\"position\":1,\"name\":\"Home\",\"item\":\"https:\/\/www.omecmotors.com\/pl\/\"},{\"@type\":\"ListItem\",\"position\":2,\"name\":\"Wy\\u0142\\u0105czenie odpowiedzialno\\u015bci\"}]}]}<\/script>\n<!-- \/ Yoast SEO plugin. -->","yoast_head_json":{"title":"Wy\u0142\u0105czenie odpowiedzialno\u015bci - OMEC Motors | Electric Motors","robots":{"index":"index","follow":"follow","max-snippet":"max-snippet:-1","max-image-preview":"max-image-preview:large","max-video-preview":"max-video-preview:-1"},"canonical":"https:\/\/www.omecmotors.com\/pl\/wylaczenie-odpowiedzialnosci\/","og_locale":"pl_PL","og_type":"article","og_title":"Wy\u0142\u0105czenie odpowiedzialno\u015bci - OMEC Motors | Electric Motors","og_description":"[vc_row][vc_column][vc_column_text]OMEC Motors nie odpowiada i nie bierze odpowiedzialno\u015bci za jakiekolwiek szkody wynik\u0142e na skutek wykorzystania podanych tu informacji. Pomimo tego, \u017ce informacje podane na naszej stronie s\u0105 co jaki\u015b czas uaktualniane, nie mo\u017cemy zagwarantowa\u0107, \u017ce s\u0105 one prawid\u0142owe, kompletne i&hellip;","og_url":"https:\/\/www.omecmotors.com\/pl\/wylaczenie-odpowiedzialnosci\/","og_site_name":"OMEC Motors | Electric Motors","article_modified_time":"2018-02-01T14:26:11+00:00","twitter_card":"summary","twitter_misc":{"Szacowany czas czytania":"1 minuta"},"schema":{"@context":"https:\/\/schema.org","@graph":[{"@type":"Organization","@id":"https:\/\/www.omecmotors.com\/#organization","name":"OMEC Motors NV","url":"https:\/\/www.omecmotors.com\/","sameAs":[],"logo":{"@type":"ImageObject","@id":"https:\/\/www.omecmotors.com\/#logo","inLanguage":"pl-PL","url":"https:\/\/www.omecmotors.com\/wp-content\/uploads\/2016\/12\/OMEC-boxed-logo.jpg","contentUrl":"https:\/\/www.omecmotors.com\/wp-content\/uploads\/2016\/12\/OMEC-boxed-logo.jpg","width":258,"height":169,"caption":"OMEC Motors NV"},"image":{"@id":"https:\/\/www.omecmotors.com\/#logo"}},{"@type":"WebSite","@id":"https:\/\/www.omecmotors.com\/#website","url":"https:\/\/www.omecmotors.com\/","name":"OMEC Motors | Electric Motors","description":"Wspieramy przysz\u0142o\u015b\u0107 przemys\u0142u","publisher":{"@id":"https:\/\/www.omecmotors.com\/#organization"},"potentialAction":[{"@type":"SearchAction","target":{"@type":"EntryPoint","urlTemplate":"https:\/\/www.omecmotors.com\/?s={search_term_string}"},"query-input":"required name=search_term_string"}],"inLanguage":"pl-PL"},{"@type":"WebPage","@id":"https:\/\/www.omecmotors.com\/pl\/wylaczenie-odpowiedzialnosci\/#webpage","url":"https:\/\/www.omecmotors.com\/pl\/wylaczenie-odpowiedzialnosci\/","name":"Wy\u0142\u0105czenie odpowiedzialno\u015bci - OMEC Motors | Electric Motors","isPartOf":{"@id":"https:\/\/www.omecmotors.com\/#website"},"datePublished":"2017-06-30T13:03:01+00:00","dateModified":"2018-02-01T14:26:11+00:00","breadcrumb":{"@id":"https:\/\/www.omecmotors.com\/pl\/wylaczenie-odpowiedzialnosci\/#breadcrumb"},"inLanguage":"pl-PL","potentialAction":[{"@type":"ReadAction","target":["https:\/\/www.omecmotors.com\/pl\/wylaczenie-odpowiedzialnosci\/"]}]},{"@type":"BreadcrumbList","@id":"https:\/\/www.omecmotors.com\/pl\/wylaczenie-odpowiedzialnosci\/#breadcrumb","itemListElement":[{"@type":"ListItem","position":1,"name":"Home","item":"https:\/\/www.omecmotors.com\/pl\/"},{"@type":"ListItem","position":2,"name":"Wy\u0142\u0105czenie odpowiedzialno\u015bci"}]}]}},"_links":{"self":[{"href":"https:\/\/www.omecmotors.com\/pl\/wp-json\/wp\/v2\/pages\/2062\/"}],"collection":[{"href":"https:\/\/www.omecmotors.com\/pl\/wp-json\/wp\/v2\/pages\/"}],"about":[{"href":"https:\/\/www.omecmotors.com\/pl\/wp-json\/wp\/v2\/types\/page\/"}],"author":[{"embeddable":true,"href":"https:\/\/www.omecmotors.com\/pl\/wp-json\/wp\/v2\/users\/2\/"}],"replies":[{"embeddable":true,"href":"https:\/\/www.omecmotors.com\/pl\/wp-json\/wp\/v2\/comments\/?post=2062"}],"version-history":[{"count":1,"href":"https:\/\/www.omecmotors.com\/pl\/wp-json\/wp\/v2\/pages\/2062\/revisions\/"}],"predecessor-version":[{"id":2063,"href":"https:\/\/www.omecmotors.com\/pl\/wp-json\/wp\/v2\/pages\/2062\/revisions\/2063\/"}],"wp:attachment":[{"href":"https:\/\/www.omecmotors.com\/pl\/wp-json\/wp\/v2\/media\/?parent=2062"}],"curies":[{"name":"wp","href":"https:\/\/api.w.org\/{rel}","templated":true}]}}