{"id":2052,"date":"2017-06-30T14:44:51","date_gmt":"2017-06-30T12:44:51","guid":{"rendered":"https:\/\/www.omecmotors.com\/?page_id=2052\/"},"modified":"2017-10-23T15:41:38","modified_gmt":"2017-10-23T13:41:38","slug":"vie-privee","status":"publish","type":"page","link":"https:\/\/www.omecmotors.com\/fr\/vie-privee\/","title":{"rendered":"Vie priv\u00e9e"},"content":{"rendered":"[vc_row][vc_column]<div class=\"vcex-spacing\" style=\"height:20px\"><\/div>[vc_column_text]Votre vie priv\u00e9e est importante pour nous. Cette politique de vie priv\u00e9e est destin\u00e9e pour vous donner la confiance dans votre vie priv\u00e9e et vous garantir la s\u00e9curit\u00e9 des informations personnelles que nous obtenons de vous quand vous utilisez le site Web de Moteurs OMEC Motors. Cependant, veuillez noter que nous ne sommes pas responsables d\u2019aucune utilisation de vos informations personnelles que vous fournissez aux demandes des tierces personnes des sites Web qui peuvent \u00eatre accessible via le site Web d\u2019OMEC. Nous vous recommandons que vous passiez en revue la politique de vie priv\u00e9e pour \u00a0n\u2019importe quelles demandes des tierces personnes ou sites Web que vous utilisez.<\/p>\n<p>COLLECTION \u00a0D\u2019INFORMATIONS PERSONNELLES<br \/>\nQuand vous utilisez notre site Web, on peut vous demander des informations personnelles identifiables comme votre nom, adresse, la date de naissance, l\u2019adresse \u00e9lectronique, le num\u00e9ro de t\u00e9l\u00e9phone. En nous donnant de telles informations, vous consentez \u00e0 notre entreprise de l\u2019utilis\u00e9es suivant cette politique. Vous pouvez retirer \u00e0 tout moment votre consentement en nous envoyant par courrier \u00e9lectronique (nous contacter par courrier \u00e9lectronique) \u00e0 info@omecmotors.com et nous supprimerons et d\u00e9truirons vos informations personnelles sous dix jours \u00e0 r\u00e9ception de votre retrait de consentement. Aussi cookie-information, pages de web visites et votre adresse -IP peuvent \u00eatre stocke par nous.<\/p>\n<p>USAGE D\u2019INFORMATION PERSONELLE<br \/>\nNous utilisons des informations personnelles pour nous permettre de traiter vos demandes de service, fournir l\u2019acc\u00e8s pour favoriser les domaines des Sites Web, faire sortir des lettres d\u2019information, personnaliser votre visite \u00e0 notre site Web et nous permettre d\u2019am\u00e9liorer les produits et les services que nous offrons. Nous pouvons de temps en temps effectuer l\u2019\u00e9tude de march\u00e9 et vous envoyer les d\u00e9tails de services et des offres que nous pensons vous \u00eatre int\u00e9ressants. Si vous ne voulez pas recevoir de telles informations, \u00e9crivez au courrier \u00e9lectronique info@omecmotors.com ou, autrement, quand nous vous envoyons un courrier \u00e9lectronique, il contiendra une disposition pour vous d\u00e9sengager et recevoir n\u2019importe quelles informations compl\u00e9mentaires de nous.<\/p>\n<p>PARTAGE \u00a0D\u2019INFORMATIONS PERSONNELLES<br \/>\nNous pouvons fournir des informations sur vous \u00e0 nos salari\u00e9s et agents pour n\u2019importe quels rapports, produits et services fournis par des Moteurs OMEC. Nous ne partagerons pas votre information personnelle avec des tiers \u00e0 moins que vous nous donniez explicitement votre permission ou si nous sommes contraint faire \u00e0 la demande de l\u2019autorit\u00e9 comp\u00e9tente.<\/p>\n<p>COOKIES<br \/>\nLes cookies sont de petits fichiers de donn\u00e9es qu\u2019un site Web que vous visitez peut sur votre ordinateur. Notre Site Web peut utiliser des cookies pour l\u2019authentification d\u2019utilisateur, gardant la trace de vos pr\u00e9f\u00e9rences, campagnes promotionnelles, suivant \u00e0 la trace notre taille de public et des mod\u00e8les de trafic. Nous pouvons inclure des petites images graphiques dans nos messages \u00e9lectroniques et lettres d\u2019information pour d\u00e9terminer si les messages ont \u00e9t\u00e9 ouverts et les liens ont \u00e9t\u00e9 vus. Des annonceurs tiers peuvent aussi cr\u00e9er et avoir acc\u00e8s aux cookies, qui seront soumis \u00e0 leurs politiques de vie priv\u00e9e. Nous n\u2019acceptons aucune responsabilit\u00e9 pour l\u2019utilisation des cookies aux tiers. Si vous ne voulez pas que de cookies soient plac\u00e9s sur votre PC, donc ils peuvent \u00eatre mis hors de service dans votre navigateur Internet. L\u2019option pour faire ainsi est normalement trouv\u00e9e dans votre navigateur \u00abdes fixations de s\u00e9curit\u00e9 \u00a0section. Notez S\u2019il vous pla\u00eet de mani\u00e8re permanente que la mise hors de service de cookies dans votre navigateur peut g\u00eaner votre utilisation de Sites Web aussi bien que d\u2019autres sites Web et des services interactifs.<\/p>\n<p>PROTECTION<br \/>\nToute la s\u00e9curit\u00e9 sur nos Sites Web est trait\u00e9e s\u00e9rieusement. O\u00f9 applicable nous prenons des \u00e9tapes de s\u00e9curit\u00e9 sur nos syst\u00e8mes qui stockent le client estiment des informations et prot\u00e9ger des transmissions de donn\u00e9es. Cependant, ceci n\u2019est pas une garantie que de telles transmissions de donn\u00e9es ne peuvent pas \u00eatre accessibles, chang\u00e9es ou supprim\u00e9es en raison du pare-feu ou d\u2019autres d\u00e9faillances logicielles de s\u00e9curit\u00e9. Si vous avez de nouvelles pr\u00e9occupations de la s\u00e9curit\u00e9, \u00e9crivez au courrier \u00e9lectronique notre \u00e9quipe de Service client \u00e0 info@omecmotors.com.<\/p>\n<p>CHANGEMENTS DE POLITIQUE<br \/>\nLes modifications de cette politique seront affich\u00e9es ici. Nous vous conseillons de v\u00e9rifier r\u00e9guli\u00e8rement pour voir notre politique de vie priv\u00e9e r\u00e9actualis\u00e9e.[\/vc_column_text]<div class=\"vcex-spacing\" style=\"height:20px\"><\/div>[\/vc_column][\/vc_row]\n","protected":false},"excerpt":{"rendered":"<p>[vc_row][vc_column][vc_column_text]Votre vie priv\u00e9e est importante pour nous. Cette politique de vie priv\u00e9e est destin\u00e9e pour vous donner la confiance dans votre vie priv\u00e9e et vous garantir la s\u00e9curit\u00e9 des informations personnelles que nous obtenons de vous quand vous utilisez le&hellip;<\/p>\n","protected":false},"author":2,"featured_media":0,"parent":0,"menu_order":0,"comment_status":"closed","ping_status":"closed","template":"","meta":{"_mi_skip_tracking":false},"yoast_head":"<!-- This site is optimized with the Yoast SEO plugin v17.5 - https:\/\/yoast.com\/wordpress\/plugins\/seo\/ -->\n<title>Vie priv\u00e9e - OMEC Motors | Electric Motors<\/title>\n<meta name=\"robots\" content=\"index, follow, max-snippet:-1, max-image-preview:large, max-video-preview:-1\" \/>\n<link rel=\"canonical\" href=\"https:\/\/www.omecmotors.com\/fr\/vie-privee\/\" \/>\n<meta property=\"og:locale\" content=\"fr_FR\" \/>\n<meta property=\"og:type\" content=\"article\" \/>\n<meta property=\"og:title\" content=\"Vie priv\u00e9e - OMEC Motors | Electric Motors\" \/>\n<meta property=\"og:description\" content=\"[vc_row][vc_column][vc_column_text]Votre vie priv\u00e9e est importante pour nous. Cette politique de vie priv\u00e9e est destin\u00e9e pour vous donner la confiance dans votre vie priv\u00e9e et vous garantir la s\u00e9curit\u00e9 des informations personnelles que nous obtenons de vous quand vous utilisez le&hellip;\" \/>\n<meta property=\"og:url\" content=\"https:\/\/www.omecmotors.com\/fr\/vie-privee\/\" \/>\n<meta property=\"og:site_name\" content=\"OMEC Motors | Electric Motors\" \/>\n<meta property=\"article:modified_time\" content=\"2017-10-23T13:41:38+00:00\" \/>\n<meta name=\"twitter:card\" content=\"summary\" \/>\n<meta name=\"twitter:label1\" content=\"Dur\u00e9e de lecture est.\" \/>\n\t<meta name=\"twitter:data1\" content=\"4 minutes\" \/>\n<script type=\"application\/ld+json\" class=\"yoast-schema-graph\">{\"@context\":\"https:\/\/schema.org\",\"@graph\":[{\"@type\":\"Organization\",\"@id\":\"https:\/\/www.omecmotors.com\/#organization\",\"name\":\"OMEC Motors NV\",\"url\":\"https:\/\/www.omecmotors.com\/\",\"sameAs\":[],\"logo\":{\"@type\":\"ImageObject\",\"@id\":\"https:\/\/www.omecmotors.com\/#logo\",\"inLanguage\":\"fr-FR\",\"url\":\"https:\/\/www.omecmotors.com\/wp-content\/uploads\/2016\/12\/OMEC-boxed-logo.jpg\",\"contentUrl\":\"https:\/\/www.omecmotors.com\/wp-content\/uploads\/2016\/12\/OMEC-boxed-logo.jpg\",\"width\":258,\"height\":169,\"caption\":\"OMEC Motors NV\"},\"image\":{\"@id\":\"https:\/\/www.omecmotors.com\/#logo\"}},{\"@type\":\"WebSite\",\"@id\":\"https:\/\/www.omecmotors.com\/#website\",\"url\":\"https:\/\/www.omecmotors.com\/\",\"name\":\"OMEC Motors | Electric Motors\",\"description\":\"Emploi de l\\u00b4avenir de l\\u00b4industrie\",\"publisher\":{\"@id\":\"https:\/\/www.omecmotors.com\/#organization\"},\"potentialAction\":[{\"@type\":\"SearchAction\",\"target\":{\"@type\":\"EntryPoint\",\"urlTemplate\":\"https:\/\/www.omecmotors.com\/?s={search_term_string}\"},\"query-input\":\"required name=search_term_string\"}],\"inLanguage\":\"fr-FR\"},{\"@type\":\"WebPage\",\"@id\":\"https:\/\/www.omecmotors.com\/fr\/vie-privee\/#webpage\",\"url\":\"https:\/\/www.omecmotors.com\/fr\/vie-privee\/\",\"name\":\"Vie priv\\u00e9e - OMEC Motors | Electric Motors\",\"isPartOf\":{\"@id\":\"https:\/\/www.omecmotors.com\/#website\"},\"datePublished\":\"2017-06-30T12:44:51+00:00\",\"dateModified\":\"2017-10-23T13:41:38+00:00\",\"breadcrumb\":{\"@id\":\"https:\/\/www.omecmotors.com\/fr\/vie-privee\/#breadcrumb\"},\"inLanguage\":\"fr-FR\",\"potentialAction\":[{\"@type\":\"ReadAction\",\"target\":[\"https:\/\/www.omecmotors.com\/fr\/vie-privee\/\"]}]},{\"@type\":\"BreadcrumbList\",\"@id\":\"https:\/\/www.omecmotors.com\/fr\/vie-privee\/#breadcrumb\",\"itemListElement\":[{\"@type\":\"ListItem\",\"position\":1,\"name\":\"Home\",\"item\":\"https:\/\/www.omecmotors.com\/fr\/\"},{\"@type\":\"ListItem\",\"position\":2,\"name\":\"Vie priv\\u00e9e\"}]}]}<\/script>\n<!-- \/ Yoast SEO plugin. -->","yoast_head_json":{"title":"Vie priv\u00e9e - OMEC Motors | Electric Motors","robots":{"index":"index","follow":"follow","max-snippet":"max-snippet:-1","max-image-preview":"max-image-preview:large","max-video-preview":"max-video-preview:-1"},"canonical":"https:\/\/www.omecmotors.com\/fr\/vie-privee\/","og_locale":"fr_FR","og_type":"article","og_title":"Vie priv\u00e9e - OMEC Motors | Electric Motors","og_description":"[vc_row][vc_column][vc_column_text]Votre vie priv\u00e9e est importante pour nous. Cette politique de vie priv\u00e9e est destin\u00e9e pour vous donner la confiance dans votre vie priv\u00e9e et vous garantir la s\u00e9curit\u00e9 des informations personnelles que nous obtenons de vous quand vous utilisez le&hellip;","og_url":"https:\/\/www.omecmotors.com\/fr\/vie-privee\/","og_site_name":"OMEC Motors | Electric Motors","article_modified_time":"2017-10-23T13:41:38+00:00","twitter_card":"summary","twitter_misc":{"Dur\u00e9e de lecture est.":"4 minutes"},"schema":{"@context":"https:\/\/schema.org","@graph":[{"@type":"Organization","@id":"https:\/\/www.omecmotors.com\/#organization","name":"OMEC Motors NV","url":"https:\/\/www.omecmotors.com\/","sameAs":[],"logo":{"@type":"ImageObject","@id":"https:\/\/www.omecmotors.com\/#logo","inLanguage":"fr-FR","url":"https:\/\/www.omecmotors.com\/wp-content\/uploads\/2016\/12\/OMEC-boxed-logo.jpg","contentUrl":"https:\/\/www.omecmotors.com\/wp-content\/uploads\/2016\/12\/OMEC-boxed-logo.jpg","width":258,"height":169,"caption":"OMEC Motors NV"},"image":{"@id":"https:\/\/www.omecmotors.com\/#logo"}},{"@type":"WebSite","@id":"https:\/\/www.omecmotors.com\/#website","url":"https:\/\/www.omecmotors.com\/","name":"OMEC Motors | Electric Motors","description":"Emploi de l\u00b4avenir de l\u00b4industrie","publisher":{"@id":"https:\/\/www.omecmotors.com\/#organization"},"potentialAction":[{"@type":"SearchAction","target":{"@type":"EntryPoint","urlTemplate":"https:\/\/www.omecmotors.com\/?s={search_term_string}"},"query-input":"required name=search_term_string"}],"inLanguage":"fr-FR"},{"@type":"WebPage","@id":"https:\/\/www.omecmotors.com\/fr\/vie-privee\/#webpage","url":"https:\/\/www.omecmotors.com\/fr\/vie-privee\/","name":"Vie priv\u00e9e - OMEC Motors | Electric Motors","isPartOf":{"@id":"https:\/\/www.omecmotors.com\/#website"},"datePublished":"2017-06-30T12:44:51+00:00","dateModified":"2017-10-23T13:41:38+00:00","breadcrumb":{"@id":"https:\/\/www.omecmotors.com\/fr\/vie-privee\/#breadcrumb"},"inLanguage":"fr-FR","potentialAction":[{"@type":"ReadAction","target":["https:\/\/www.omecmotors.com\/fr\/vie-privee\/"]}]},{"@type":"BreadcrumbList","@id":"https:\/\/www.omecmotors.com\/fr\/vie-privee\/#breadcrumb","itemListElement":[{"@type":"ListItem","position":1,"name":"Home","item":"https:\/\/www.omecmotors.com\/fr\/"},{"@type":"ListItem","position":2,"name":"Vie priv\u00e9e"}]}]}},"_links":{"self":[{"href":"https:\/\/www.omecmotors.com\/fr\/wp-json\/wp\/v2\/pages\/2052\/"}],"collection":[{"href":"https:\/\/www.omecmotors.com\/fr\/wp-json\/wp\/v2\/pages\/"}],"about":[{"href":"https:\/\/www.omecmotors.com\/fr\/wp-json\/wp\/v2\/types\/page\/"}],"author":[{"embeddable":true,"href":"https:\/\/www.omecmotors.com\/fr\/wp-json\/wp\/v2\/users\/2\/"}],"replies":[{"embeddable":true,"href":"https:\/\/www.omecmotors.com\/fr\/wp-json\/wp\/v2\/comments\/?post=2052"}],"version-history":[{"count":1,"href":"https:\/\/www.omecmotors.com\/fr\/wp-json\/wp\/v2\/pages\/2052\/revisions\/"}],"predecessor-version":[{"id":2053,"href":"https:\/\/www.omecmotors.com\/fr\/wp-json\/wp\/v2\/pages\/2052\/revisions\/2053\/"}],"wp:attachment":[{"href":"https:\/\/www.omecmotors.com\/fr\/wp-json\/wp\/v2\/media\/?parent=2052"}],"curies":[{"name":"wp","href":"https:\/\/api.w.org\/{rel}","templated":true}]}}