{"id":2058,"date":"2017-06-30T14:57:49","date_gmt":"2017-06-30T12:57:49","guid":{"rendered":"https:\/\/www.omecmotors.com\/?page_id=2058\/"},"modified":"2017-09-07T15:23:22","modified_gmt":"2017-09-07T13:23:22","slug":"responsabilidad","status":"publish","type":"page","link":"https:\/\/www.omecmotors.com\/es\/responsabilidad\/","title":{"rendered":"Responsabilidad"},"content":{"rendered":"[vc_row][vc_column]<div class=\"vcex-spacing\" style=\"height:20px\"><\/div>[vc_column_text]OMEC Motors no es responsable de, y expresamente rechaza cualquier responsabilidad por da\u00f1os y perjuicios de cualquier tipo que surja del uso, la referencia a, o confianza de cualquier informaci\u00f3n contenida en el sitio. Si bien la informaci\u00f3n contenida en el sitio se actualiza peri\u00f3dicamente, no se garantiza que la informaci\u00f3n proporcionada en este sitio web sea correcta, completa y actualizada.<\/p>\n<p>Aunque el sitio Web OMEC Motors puede incluir enlaces que dan acceso directo a otros recursos de Internet, incluidos los sitios web, OMEC Motors no es responsable de la exactitud o contenido de la informaci\u00f3n contenida en estos sitios.<\/p>\n<p>Enlaces desde OMEC Motors a sitios de terceros no constituyen un aval de OMEC Motors de las partes o sus productos y servicios. La informaci\u00f3n del producto se basa \u00fanicamente en el material recibido de los proveedores.[\/vc_column_text]<div class=\"vcex-spacing\" style=\"height:20px\"><\/div>[\/vc_column][\/vc_row]\n","protected":false},"excerpt":{"rendered":"<p>[vc_row][vc_column][vc_column_text]OMEC Motors no es responsable de, y expresamente rechaza cualquier responsabilidad por da\u00f1os y perjuicios de cualquier tipo que surja del uso, la referencia a, o confianza de cualquier informaci\u00f3n contenida en el sitio. Si bien la informaci\u00f3n contenida en&hellip;<\/p>\n","protected":false},"author":2,"featured_media":0,"parent":0,"menu_order":0,"comment_status":"closed","ping_status":"closed","template":"","meta":{"_mi_skip_tracking":false},"yoast_head":"<!-- This site is optimized with the Yoast SEO plugin v17.5 - https:\/\/yoast.com\/wordpress\/plugins\/seo\/ -->\n<title>Responsabilidad - OMEC Motors | Electric Motors<\/title>\n<meta name=\"robots\" content=\"index, follow, max-snippet:-1, max-image-preview:large, max-video-preview:-1\" \/>\n<link rel=\"canonical\" href=\"https:\/\/www.omecmotors.com\/es\/responsabilidad\/\" \/>\n<meta property=\"og:locale\" content=\"es_ES\" \/>\n<meta property=\"og:type\" content=\"article\" \/>\n<meta property=\"og:title\" content=\"Responsabilidad - OMEC Motors | Electric Motors\" \/>\n<meta property=\"og:description\" content=\"[vc_row][vc_column][vc_column_text]OMEC Motors no es responsable de, y expresamente rechaza cualquier responsabilidad por da\u00f1os y perjuicios de cualquier tipo que surja del uso, la referencia a, o confianza de cualquier informaci\u00f3n contenida en el sitio. Si bien la informaci\u00f3n contenida en&hellip;\" \/>\n<meta property=\"og:url\" content=\"https:\/\/www.omecmotors.com\/es\/responsabilidad\/\" \/>\n<meta property=\"og:site_name\" content=\"OMEC Motors | Electric Motors\" \/>\n<meta property=\"article:modified_time\" content=\"2017-09-07T13:23:22+00:00\" \/>\n<meta name=\"twitter:card\" content=\"summary\" \/>\n<meta name=\"twitter:label1\" content=\"Tiempo de lectura\" \/>\n\t<meta name=\"twitter:data1\" content=\"1 minuto\" \/>\n<script type=\"application\/ld+json\" class=\"yoast-schema-graph\">{\"@context\":\"https:\/\/schema.org\",\"@graph\":[{\"@type\":\"Organization\",\"@id\":\"https:\/\/www.omecmotors.com\/#organization\",\"name\":\"OMEC Motors NV\",\"url\":\"https:\/\/www.omecmotors.com\/\",\"sameAs\":[],\"logo\":{\"@type\":\"ImageObject\",\"@id\":\"https:\/\/www.omecmotors.com\/#logo\",\"inLanguage\":\"es\",\"url\":\"https:\/\/www.omecmotors.com\/wp-content\/uploads\/2016\/12\/OMEC-boxed-logo.jpg\",\"contentUrl\":\"https:\/\/www.omecmotors.com\/wp-content\/uploads\/2016\/12\/OMEC-boxed-logo.jpg\",\"width\":258,\"height\":169,\"caption\":\"OMEC Motors NV\"},\"image\":{\"@id\":\"https:\/\/www.omecmotors.com\/#logo\"}},{\"@type\":\"WebSite\",\"@id\":\"https:\/\/www.omecmotors.com\/#website\",\"url\":\"https:\/\/www.omecmotors.com\/\",\"name\":\"OMEC Motors | Electric Motors\",\"description\":\"Resforzando el futuro de la industria\",\"publisher\":{\"@id\":\"https:\/\/www.omecmotors.com\/#organization\"},\"potentialAction\":[{\"@type\":\"SearchAction\",\"target\":{\"@type\":\"EntryPoint\",\"urlTemplate\":\"https:\/\/www.omecmotors.com\/?s={search_term_string}\"},\"query-input\":\"required name=search_term_string\"}],\"inLanguage\":\"es\"},{\"@type\":\"WebPage\",\"@id\":\"https:\/\/www.omecmotors.com\/es\/responsabilidad\/#webpage\",\"url\":\"https:\/\/www.omecmotors.com\/es\/responsabilidad\/\",\"name\":\"Responsabilidad - OMEC Motors | Electric Motors\",\"isPartOf\":{\"@id\":\"https:\/\/www.omecmotors.com\/#website\"},\"datePublished\":\"2017-06-30T12:57:49+00:00\",\"dateModified\":\"2017-09-07T13:23:22+00:00\",\"breadcrumb\":{\"@id\":\"https:\/\/www.omecmotors.com\/es\/responsabilidad\/#breadcrumb\"},\"inLanguage\":\"es\",\"potentialAction\":[{\"@type\":\"ReadAction\",\"target\":[\"https:\/\/www.omecmotors.com\/es\/responsabilidad\/\"]}]},{\"@type\":\"BreadcrumbList\",\"@id\":\"https:\/\/www.omecmotors.com\/es\/responsabilidad\/#breadcrumb\",\"itemListElement\":[{\"@type\":\"ListItem\",\"position\":1,\"name\":\"Home\",\"item\":\"https:\/\/www.omecmotors.com\/es\/\"},{\"@type\":\"ListItem\",\"position\":2,\"name\":\"Responsabilidad\"}]}]}<\/script>\n<!-- \/ Yoast SEO plugin. -->","yoast_head_json":{"title":"Responsabilidad - OMEC Motors | Electric Motors","robots":{"index":"index","follow":"follow","max-snippet":"max-snippet:-1","max-image-preview":"max-image-preview:large","max-video-preview":"max-video-preview:-1"},"canonical":"https:\/\/www.omecmotors.com\/es\/responsabilidad\/","og_locale":"es_ES","og_type":"article","og_title":"Responsabilidad - OMEC Motors | Electric Motors","og_description":"[vc_row][vc_column][vc_column_text]OMEC Motors no es responsable de, y expresamente rechaza cualquier responsabilidad por da\u00f1os y perjuicios de cualquier tipo que surja del uso, la referencia a, o confianza de cualquier informaci\u00f3n contenida en el sitio. Si bien la informaci\u00f3n contenida en&hellip;","og_url":"https:\/\/www.omecmotors.com\/es\/responsabilidad\/","og_site_name":"OMEC Motors | Electric Motors","article_modified_time":"2017-09-07T13:23:22+00:00","twitter_card":"summary","twitter_misc":{"Tiempo de lectura":"1 minuto"},"schema":{"@context":"https:\/\/schema.org","@graph":[{"@type":"Organization","@id":"https:\/\/www.omecmotors.com\/#organization","name":"OMEC Motors NV","url":"https:\/\/www.omecmotors.com\/","sameAs":[],"logo":{"@type":"ImageObject","@id":"https:\/\/www.omecmotors.com\/#logo","inLanguage":"es","url":"https:\/\/www.omecmotors.com\/wp-content\/uploads\/2016\/12\/OMEC-boxed-logo.jpg","contentUrl":"https:\/\/www.omecmotors.com\/wp-content\/uploads\/2016\/12\/OMEC-boxed-logo.jpg","width":258,"height":169,"caption":"OMEC Motors NV"},"image":{"@id":"https:\/\/www.omecmotors.com\/#logo"}},{"@type":"WebSite","@id":"https:\/\/www.omecmotors.com\/#website","url":"https:\/\/www.omecmotors.com\/","name":"OMEC Motors | Electric Motors","description":"Resforzando el futuro de la industria","publisher":{"@id":"https:\/\/www.omecmotors.com\/#organization"},"potentialAction":[{"@type":"SearchAction","target":{"@type":"EntryPoint","urlTemplate":"https:\/\/www.omecmotors.com\/?s={search_term_string}"},"query-input":"required name=search_term_string"}],"inLanguage":"es"},{"@type":"WebPage","@id":"https:\/\/www.omecmotors.com\/es\/responsabilidad\/#webpage","url":"https:\/\/www.omecmotors.com\/es\/responsabilidad\/","name":"Responsabilidad - OMEC Motors | Electric Motors","isPartOf":{"@id":"https:\/\/www.omecmotors.com\/#website"},"datePublished":"2017-06-30T12:57:49+00:00","dateModified":"2017-09-07T13:23:22+00:00","breadcrumb":{"@id":"https:\/\/www.omecmotors.com\/es\/responsabilidad\/#breadcrumb"},"inLanguage":"es","potentialAction":[{"@type":"ReadAction","target":["https:\/\/www.omecmotors.com\/es\/responsabilidad\/"]}]},{"@type":"BreadcrumbList","@id":"https:\/\/www.omecmotors.com\/es\/responsabilidad\/#breadcrumb","itemListElement":[{"@type":"ListItem","position":1,"name":"Home","item":"https:\/\/www.omecmotors.com\/es\/"},{"@type":"ListItem","position":2,"name":"Responsabilidad"}]}]}},"_links":{"self":[{"href":"https:\/\/www.omecmotors.com\/es\/wp-json\/wp\/v2\/pages\/2058\/"}],"collection":[{"href":"https:\/\/www.omecmotors.com\/es\/wp-json\/wp\/v2\/pages\/"}],"about":[{"href":"https:\/\/www.omecmotors.com\/es\/wp-json\/wp\/v2\/types\/page\/"}],"author":[{"embeddable":true,"href":"https:\/\/www.omecmotors.com\/es\/wp-json\/wp\/v2\/users\/2\/"}],"replies":[{"embeddable":true,"href":"https:\/\/www.omecmotors.com\/es\/wp-json\/wp\/v2\/comments\/?post=2058"}],"version-history":[{"count":2,"href":"https:\/\/www.omecmotors.com\/es\/wp-json\/wp\/v2\/pages\/2058\/revisions\/"}],"predecessor-version":[{"id":2537,"href":"https:\/\/www.omecmotors.com\/es\/wp-json\/wp\/v2\/pages\/2058\/revisions\/2537\/"}],"wp:attachment":[{"href":"https:\/\/www.omecmotors.com\/es\/wp-json\/wp\/v2\/media\/?parent=2058"}],"curies":[{"name":"wp","href":"https:\/\/api.w.org\/{rel}","templated":true}]}}